{"id":2300,"date":"2023-03-22T11:18:11","date_gmt":"2023-03-22T11:18:11","guid":{"rendered":"https:\/\/www.horwimwandel.ch\/cms\/?page_id=2300"},"modified":"2023-04-27T11:19:25","modified_gmt":"2023-04-27T11:19:25","slug":"horwer-fundstuecke","status":"publish","type":"page","link":"https:\/\/www.horwimwandel.ch\/cms\/horwer-fundstuecke\/","title":{"rendered":"Horwer Fundst\u00fccke"},"content":{"rendered":"\n<h1 class=\"wp-block-heading\">Fundst\u00fccke aus Horw &#8211; aus der Schatzkiste der Vergangenheit<\/h1>\n\n\n\n<p>Entdecken Sie Horw mit einem Blick zur\u00fcck! Denn Horw hat auch aus fr\u00fcheren Zeiten viel zu erz\u00e4hlen. Von Menschen und H\u00e4usern, vom Leben und Streiten, vom Wohnen und Politisieren. Geschichten aus jenen Tagen, als Horw noch ein Bauerndorf und die Kirche noch im Dorf war.<\/p>\n\n\n\n<p>Greifen Sie zu \u2013 mit einem Klick sind Sie dabei! Bilder, Videos, Interviews, Reportagen von einst warten auf Sie und Ihre Neugier.<\/p>\n\n\n\n<p>Die Sammlung in dieser Schatzkiste wurde mit dem F\u00f6rderpreis der Gemeinde Horw 2020 erm\u00f6glicht. Sie ist weder objektiv noch vollst\u00e4ndig, sie lebt von der Einzigartigkeit des entdeckten Augenblicks.<\/p>\n\n\n\n<h2 class=\"wp-block-heading\">Fundst\u00fccke aus Horw \u2013 machen Sie mit!<\/h2>\n\n\n\n<p>Sie haben einmalige Fotos oder Videos? Oder Sie wissen Dorfgeschichten zu erz\u00e4hlen? Dann melden Sie sich doch beim Gemeindearchivar, damit auch Ihr Fundst\u00fcck den Weg in die Schatzkiste findet: gemeindearchiv@horw.ch<\/p>\n\n\n\n<p>Das Projektteam: Lisbeth Herger, Heinz Looser, Benno Zumoberhaus<\/p>\n","protected":false},"excerpt":{"rendered":"<p>Fundst\u00fccke aus Horw &#8211; aus der Schatzkiste der Vergangenheit Entdecken Sie Horw mit einem Blick zur\u00fcck! Denn Horw hat auch aus fr\u00fcheren Zeiten viel zu erz\u00e4hlen. Von Menschen und H\u00e4usern, vom Leben und Streiten, vom Wohnen und Politisieren. Geschichten aus jenen Tagen, als Horw noch ein Bauerndorf und die Kirche noch im Dorf war. Greifen Sie zu \u2013 mit einem Klick sind Sie dabei! Bilder, Videos, Interviews, Reportagen von einst warten auf Sie und Ihre Neugier. Die Sammlung in dieser Schatzkiste wurde mit dem F\u00f6rderpreis der Gemeinde Horw 2020 erm\u00f6glicht. Sie ist weder objektiv noch vollst\u00e4ndig, sie lebt von der Einzigartigkeit des entdeckten Augenblicks. Fundst\u00fccke aus Horw \u2013 machen Sie mit! Sie haben einmalige Fotos oder Videos? Oder Sie wissen Dorfgeschichten zu erz\u00e4hlen? Dann melden Sie sich doch beim Gemeindearchivar, damit auch Ihr Fundst\u00fcck den Weg in die Schatzkiste findet: gemeindearchiv@horw.ch Das Projektteam: Lisbeth Herger, Heinz Looser, Benno Zumoberhaus<\/p>\n","protected":false},"author":1,"featured_media":0,"parent":0,"menu_order":0,"comment_status":"closed","ping_status":"closed","template":"","meta":{"footnotes":""},"class_list":["post-2300","page","type-page","status-publish","hentry"],"_links":{"self":[{"href":"https:\/\/www.horwimwandel.ch\/cms\/wp-json\/wp\/v2\/pages\/2300","targetHints":{"allow":["GET"]}}],"collection":[{"href":"https:\/\/www.horwimwandel.ch\/cms\/wp-json\/wp\/v2\/pages"}],"about":[{"href":"https:\/\/www.horwimwandel.ch\/cms\/wp-json\/wp\/v2\/types\/page"}],"author":[{"embeddable":true,"href":"https:\/\/www.horwimwandel.ch\/cms\/wp-json\/wp\/v2\/users\/1"}],"replies":[{"embeddable":true,"href":"https:\/\/www.horwimwandel.ch\/cms\/wp-json\/wp\/v2\/comments?post=2300"}],"version-history":[{"count":8,"href":"https:\/\/www.horwimwandel.ch\/cms\/wp-json\/wp\/v2\/pages\/2300\/revisions"}],"predecessor-version":[{"id":2780,"href":"https:\/\/www.horwimwandel.ch\/cms\/wp-json\/wp\/v2\/pages\/2300\/revisions\/2780"}],"wp:attachment":[{"href":"https:\/\/www.horwimwandel.ch\/cms\/wp-json\/wp\/v2\/media?parent=2300"}],"curies":[{"name":"wp","href":"https:\/\/api.w.org\/{rel}","templated":true}]}}