{"id":2572,"date":"2023-03-31T15:18:02","date_gmt":"2023-03-31T15:18:02","guid":{"rendered":"https:\/\/www.horwimwandel.ch\/cms\/?page_id=2572"},"modified":"2023-05-01T15:27:17","modified_gmt":"2023-05-01T15:27:17","slug":"mitmachen","status":"publish","type":"page","link":"https:\/\/www.horwimwandel.ch\/cms\/mitmachen\/","title":{"rendered":"Mitmachen"},"content":{"rendered":"\n<h1 class=\"wp-block-heading\">Diese Webseite w\u00e4chst \u2013 auch dank Ihnen<\/h1>\n\n\n\n<p>Wir sind stets auch der Suche nach Fotos, Postkarten, Tonaufnahmen, Videos oder online-Archivmaterial, das sich in der einen oder anderen Weise auf Horw bezieht. Wenn Sie nur Originale in Papier haben, helfen wir gerne beim Ditigalisieren.<\/p>\n\n\n\n<p>Vielleicht haben Sie auch nur eine Geschichte zu erz\u00e4hlen? Oder m\u00f6chten dem Gemeindearchiv Fotos oder Dokumente aus fr\u00fcheren Zeiten anvertrauen?<\/p>\n\n\n\n<p>Wenn Sie zu unserem lebendigen Archiv \u00fcber die Horwer Vergangenheit beitragen m\u00f6chten, melden Sie sich bei uns. Wir freuen uns sehr.<\/p>\n\n\n<div class=\"wpforms-container wpforms-container-full wpforms-block wpforms-block-1fb38f0a-ef64-4631-bff5-796a264502eb wpforms-render-modern\" id=\"wpforms-3473\"><form id=\"wpforms-form-3473\" class=\"wpforms-validate wpforms-form wpforms-ajax-form\" data-formid=\"3473\" method=\"post\" enctype=\"multipart\/form-data\" action=\"\/cms\/wp-json\/wp\/v2\/pages\/2572\" data-token=\"7c2077c152dbd4950aece0a7bd9be3a1\" data-token-time=\"1776688884\"><noscript class=\"wpforms-error-noscript\">Bitte aktiviere JavaScript in deinem Browser, um dieses Formular fertigzustellen.<\/noscript><div id=\"wpforms-error-noscript\" style=\"display: none;\">Bitte aktiviere JavaScript in deinem Browser, um dieses Formular fertigzustellen.<\/div><div class=\"wpforms-field-container\"><div id=\"wpforms-3473-field_0-container\" class=\"wpforms-field wpforms-field-name\" data-field-id=\"0\"><fieldset><legend class=\"wpforms-field-label\">Name <span class=\"wpforms-required-label\" aria-hidden=\"true\">*<\/span><\/legend><div class=\"wpforms-field-row wpforms-field-medium\"><div class=\"wpforms-field-row-block wpforms-first wpforms-one-half\"><input type=\"text\" id=\"wpforms-3473-field_0\" class=\"wpforms-field-name-first wpforms-field-required\" name=\"wpforms[fields][0][first]\" aria-errormessage=\"wpforms-3473-field_0-error\" required><label for=\"wpforms-3473-field_0\" class=\"wpforms-field-sublabel after\">Vorname<\/label><\/div><div class=\"wpforms-field-row-block wpforms-one-half\"><input type=\"text\" id=\"wpforms-3473-field_0-last\" class=\"wpforms-field-name-last wpforms-field-required\" name=\"wpforms[fields][0][last]\" aria-errormessage=\"wpforms-3473-field_0-last-error\" required><label for=\"wpforms-3473-field_0-last\" class=\"wpforms-field-sublabel after\">Nachname<\/label><\/div><\/div><\/fieldset><\/div><div id=\"wpforms-3473-field_1-container\" class=\"wpforms-field wpforms-field-email\" data-field-id=\"1\"><label class=\"wpforms-field-label\" for=\"wpforms-3473-field_1\">E-Mail <span class=\"wpforms-required-label\" aria-hidden=\"true\">*<\/span><\/label><input type=\"email\" id=\"wpforms-3473-field_1\" class=\"wpforms-field-medium wpforms-field-required\" name=\"wpforms[fields][1]\" spellcheck=\"false\" aria-errormessage=\"wpforms-3473-field_1-error\" required><\/div><div id=\"wpforms-3473-field_4-container\" class=\"wpforms-field wpforms-field-number\" data-field-id=\"4\"><label class=\"wpforms-field-label\" for=\"wpforms-3473-field_4\">Telefon<\/label><input type=\"number\" id=\"wpforms-3473-field_4\" class=\"wpforms-field-medium\" name=\"wpforms[fields][4]\" step=\"any\" aria-errormessage=\"wpforms-3473-field_4-error\" ><\/div><div id=\"wpforms-3473-field_3-container\" class=\"wpforms-field wpforms-field-checkbox\" data-field-id=\"3\"><fieldset><legend class=\"wpforms-field-label\">Ich habe &#8230;:<\/legend><ul id=\"wpforms-3473-field_3\"><li class=\"choice-1 depth-1\"><input type=\"checkbox\" id=\"wpforms-3473-field_3_1\" name=\"wpforms[fields][3][]\" value=\"Ein Video\/Audio oder einen Link zu einem Video\/Audio\" aria-errormessage=\"wpforms-3473-field_3_1-error\"  ><label class=\"wpforms-field-label-inline\" for=\"wpforms-3473-field_3_1\">Ein Video\/Audio oder einen Link zu einem Video\/Audio<\/label><\/li><li class=\"choice-2 depth-1\"><input type=\"checkbox\" id=\"wpforms-3473-field_3_2\" name=\"wpforms[fields][3][]\" value=\"Fotos digital\" aria-errormessage=\"wpforms-3473-field_3_2-error\"  ><label class=\"wpforms-field-label-inline\" for=\"wpforms-3473-field_3_2\">Fotos digital<\/label><\/li><li class=\"choice-3 depth-1\"><input type=\"checkbox\" id=\"wpforms-3473-field_3_3\" name=\"wpforms[fields][3][]\" value=\"Fotos oder Bilder, die ich gerne zum Scannen vorbeibringen w\u00fcrde\" aria-errormessage=\"wpforms-3473-field_3_3-error\"  ><label class=\"wpforms-field-label-inline\" for=\"wpforms-3473-field_3_3\">Fotos oder Bilder, die ich gerne zum Scannen vorbeibringen w\u00fcrde<\/label><\/li><li class=\"choice-4 depth-1\"><input type=\"checkbox\" id=\"wpforms-3473-field_3_4\" name=\"wpforms[fields][3][]\" value=\"Fotos oder weitere Materialien, die ich dem Gemeindearchiv \u00fcbergeben m\u00f6chte\" aria-errormessage=\"wpforms-3473-field_3_4-error\"  ><label class=\"wpforms-field-label-inline\" for=\"wpforms-3473-field_3_4\">Fotos oder weitere Materialien, die ich dem Gemeindearchiv \u00fcbergeben m\u00f6chte<\/label><\/li><li class=\"choice-5 depth-1\"><input type=\"checkbox\" id=\"wpforms-3473-field_3_5\" name=\"wpforms[fields][3][]\" value=\"Ich w\u00fcrde den kommenden Generationen gerne eine Geschichte erz\u00e4hlen\" aria-errormessage=\"wpforms-3473-field_3_5-error\"  ><label class=\"wpforms-field-label-inline\" for=\"wpforms-3473-field_3_5\">Ich w\u00fcrde den kommenden Generationen gerne eine Geschichte erz\u00e4hlen<\/label><\/li><\/ul><\/fieldset><\/div><div id=\"wpforms-3473-field_2-container\" class=\"wpforms-field wpforms-field-textarea\" data-field-id=\"2\"><label class=\"wpforms-field-label\" for=\"wpforms-3473-field_2\">Kommentar oder Nachricht<\/label><textarea id=\"wpforms-3473-field_2\" class=\"wpforms-field-medium wpforms-limit-characters-enabled\" data-form-id=\"3473\" data-field-id=\"2\" data-text-limit=\"600\" name=\"wpforms[fields][2]\" aria-errormessage=\"wpforms-3473-field_2-error\" maxlength=\"600\" ><\/textarea><\/div><\/div><!-- .wpforms-field-container --><div class=\"wpforms-submit-container\" ><input type=\"hidden\" name=\"wpforms[id]\" value=\"3473\"><input type=\"hidden\" name=\"page_title\" value=\"\"><input type=\"hidden\" name=\"page_url\" value=\"https:\/\/www.horwimwandel.ch\/cms\/wp-json\/wp\/v2\/pages\/2572\"><input type=\"hidden\" name=\"url_referer\" value=\"\"><button type=\"submit\" name=\"wpforms[submit]\" id=\"wpforms-submit-3473\" class=\"wpforms-submit\" data-alt-text=\"Senden\u2026\" data-submit-text=\"Absenden\" aria-live=\"assertive\" value=\"wpforms-submit\">Absenden<\/button><img loading=\"lazy\" decoding=\"async\" src=\"https:\/\/www.horwimwandel.ch\/cms\/wp-content\/plugins\/wpforms-lite\/assets\/images\/submit-spin.svg\" class=\"wpforms-submit-spinner\" style=\"display: none;\" width=\"26\" height=\"26\" alt=\"Wird geladen\"><\/div><\/form><\/div>  <!-- .wpforms-container -->","protected":false},"excerpt":{"rendered":"<p>Diese Webseite w\u00e4chst \u2013 auch dank Ihnen Wir sind stets auch der Suche nach Fotos, Postkarten, Tonaufnahmen, Videos oder online-Archivmaterial, das sich in der einen oder anderen Weise auf Horw bezieht. Wenn Sie nur Originale in Papier haben, helfen wir gerne beim Ditigalisieren. Vielleicht haben Sie auch nur eine Geschichte zu erz\u00e4hlen? Oder m\u00f6chten dem Gemeindearchiv Fotos oder Dokumente aus fr\u00fcheren Zeiten anvertrauen? Wenn Sie zu unserem lebendigen Archiv \u00fcber die Horwer Vergangenheit beitragen m\u00f6chten, melden Sie sich bei uns. Wir freuen uns sehr.<\/p>\n","protected":false},"author":1,"featured_media":0,"parent":0,"menu_order":0,"comment_status":"closed","ping_status":"closed","template":"","meta":{"footnotes":""},"class_list":["post-2572","page","type-page","status-publish","hentry"],"_links":{"self":[{"href":"https:\/\/www.horwimwandel.ch\/cms\/wp-json\/wp\/v2\/pages\/2572","targetHints":{"allow":["GET"]}}],"collection":[{"href":"https:\/\/www.horwimwandel.ch\/cms\/wp-json\/wp\/v2\/pages"}],"about":[{"href":"https:\/\/www.horwimwandel.ch\/cms\/wp-json\/wp\/v2\/types\/page"}],"author":[{"embeddable":true,"href":"https:\/\/www.horwimwandel.ch\/cms\/wp-json\/wp\/v2\/users\/1"}],"replies":[{"embeddable":true,"href":"https:\/\/www.horwimwandel.ch\/cms\/wp-json\/wp\/v2\/comments?post=2572"}],"version-history":[{"count":13,"href":"https:\/\/www.horwimwandel.ch\/cms\/wp-json\/wp\/v2\/pages\/2572\/revisions"}],"predecessor-version":[{"id":3494,"href":"https:\/\/www.horwimwandel.ch\/cms\/wp-json\/wp\/v2\/pages\/2572\/revisions\/3494"}],"wp:attachment":[{"href":"https:\/\/www.horwimwandel.ch\/cms\/wp-json\/wp\/v2\/media?parent=2572"}],"curies":[{"name":"wp","href":"https:\/\/api.w.org\/{rel}","templated":true}]}}