{"id":2744,"date":"2023-04-11T07:48:47","date_gmt":"2023-04-11T07:48:47","guid":{"rendered":"https:\/\/www.horwimwandel.ch\/cms\/?page_id=2744"},"modified":"2023-07-17T11:48:25","modified_gmt":"2023-07-17T11:48:25","slug":"freizeit","status":"publish","type":"page","link":"https:\/\/www.horwimwandel.ch\/cms\/freizeit\/","title":{"rendered":"Freizeit"},"content":{"rendered":"\n<h1 class=\"wp-block-heading\">Freizeit<\/h1>\n\n\n<div class=\"lightweight-accordion\"><details><summary class=\"lightweight-accordion-title\"><span><i class=\"far fa-file-lines\"><\/i>   Der Horwer Dorfbach  stinkt (1959)  <\/span><\/summary><div class=\"lightweight-accordion-body\">\n\n<p>Mit seinem Unrat und seinem Geruch wird er zur Plage. Blickpunkt November 1959.<\/p>\n\n\n\n<p><a rel=\"noreferrer noopener\" href=\"https:\/\/www.horwimwandel.ch\/cms\/wp-content\/uploads\/2023\/04\/dorfkanal_3_bp.pdf\" target=\"_blank\">PDF \u00f6ffnen<\/a><\/p>\n\n<\/div><\/details><\/div>\n\n<div class=\"lightweight-accordion\"><details><summary class=\"lightweight-accordion-title\"><span><span role=\"textbox\" aria-label=\"Accordion title...\" class=\"block-editor-rich-text__editable rich-text\" style=\"white-space: pre-wrap;min-width: 1px\"><i class=\"fas fa-video\"><\/i>  Seeputzete in Horw (1966)<\/span><\/span><\/summary><div class=\"lightweight-accordion-body\">\n\n<p>Freiwillige engagieren sich f\u00fcr die Reinigung des Sees entlang der K\u00fcste von Horw. Antenne SRF 27.6.21966.<\/p>\n\n\n\n<p><iframe loading=\"lazy\" src=\"https:\/\/www.srf.ch\/play\/embed?urn=urn:srf:video:30db7f91-4486-4bf2-99b1-c7f58555c5bb&amp;subdivisions=false\" allowfullscreen=\"\" allow=\"geolocation *; autoplay; encrypted-media\" width=\"1200\" height=\"675\"><\/iframe><\/p>\n\n<\/div><\/details><\/div>\n\n<div class=\"lightweight-accordion\"><details><summary class=\"lightweight-accordion-title\"><span><i class=\"fas fa-video\"><\/i>   Villa Kr\u00e4merstein soll der \u00d6ffentlichkeit zug\u00e4nglich gemacht werden (1982)<\/span><\/summary><div class=\"lightweight-accordion-body\">\n\n<p>Bericht \u00fcber die Villa Kr\u00e4merstein. DRS aktuell SRF 19.03.1982.<\/p>\n\n\n\n<p><iframe loading=\"lazy\" src=\"https:\/\/www.srf.ch\/play\/embed?urn=urn:srf:video:696edbb8-0111-4aa3-88d9-b0ab94b9ff41&amp;subdivisions=false\" allowfullscreen=\"\" allow=\"geolocation *; autoplay; encrypted-media\" width=\"1200\" height=\"675\"><\/iframe><\/p>\n\n<\/div><\/details><\/div>\n\n<div class=\"lightweight-accordion\"><details><summary class=\"lightweight-accordion-title\"><span><i class=\"far fa-file-lines\"><\/i>   Aufruf zum ersten Horwer Kilbimarkt (1983) <\/span><\/summary><div class=\"lightweight-accordion-body\">\n\n<p>Aufruf zum ersten Horwer Kilbimarkt im Gemeindemagazin &#8222;Blickpunkt&#8220;.<\/p>\n\n\n\n<p><a href=\"https:\/\/www.horwimwandel.ch\/cms\/wp-content\/uploads\/2023\/04\/kilbimarkt_3_bp.pdf\" target=\"_blank\" rel=\"noreferrer noopener\">PDF \u00f6ffnen<\/a><\/p>\n\n<\/div><\/details><\/div>\n\n<div class=\"lightweight-accordion\"><details><summary class=\"lightweight-accordion-title\"><span><i class=\"fas fa-video\"><\/i>  Pl\u00e4ne f\u00fcr die Neugestaltung des Horwer Seeufers (1985) <\/span><\/summary><div class=\"lightweight-accordion-body\">\n\n<p>Die Gemeinde packt die Neugestaltung des Seeufers an. DRS aktuell SRF 10.12.1985.<\/p>\n\n\n\n<p><iframe loading=\"lazy\" src=\"https:\/\/www.srf.ch\/play\/embed?urn=urn:srf:video:5a394aa1-3baa-4491-b4f0-8744a8c703db&amp;subdivisions=false\" allowfullscreen=\"\" allow=\"geolocation *; autoplay; encrypted-media\" width=\"1200\" height=\"675\"><\/iframe><\/p>\n\n<\/div><\/details><\/div>\n\n<div class=\"lightweight-accordion\"><details><summary class=\"lightweight-accordion-title\"><span><i class=\"far fa-file-lines\"><\/i> Die Naherholungsgebiete und eine Neuer\u00f6ffnung (1986)<\/span><\/summary><div class=\"lightweight-accordion-body\">\n\n<p>Am Wochenende vor der Er\u00f6ffnung der Horwer Soprtanlage:  Das Luzerner Tagblatt berichtet \u00fcber  die Naherholungsgebiete Steinibachried und Halbinsel, 4.10.1986.<\/p>\n\n\n\n<p><a rel=\"noreferrer noopener\" href=\"https:\/\/www.horwimwandel.ch\/cms\/wp-content\/uploads\/2023\/04\/steinibachried.pdf\" target=\"_blank\">PDF \u00f6ffnen<\/a><\/p>\n\n<\/div><\/details><\/div>\n\n<div class=\"lightweight-accordion\"><details><summary class=\"lightweight-accordion-title\"><span><i class=\"far fa-file-lines\"><\/i> Horw f\u00f6rdert mit dem Kulturbatzen das Kulturschaffen (1986) <\/span><\/summary><div class=\"lightweight-accordion-body\">\n\n<p>In Horw wird mit einer Kunst- und Kulturkommission der Kultur auf die Beine geholfen. Luzerner Tagblatt, 3.10.1986.<\/p>\n\n\n\n<p><a href=\"https:\/\/www.horwimwandel.ch\/cms\/wp-content\/uploads\/2023\/04\/kkk_3_presseschau.pdf\" target=\"_blank\" rel=\"noreferrer noopener\">PDF \u00f6ffnen<\/a><\/p>\n\n<\/div><\/details><\/div>\n\n<div class=\"lightweight-accordion\"><details><summary class=\"lightweight-accordion-title\"><span><i class=\"far fa-file-lines\"><\/i> Der Verein f\u00fcr Kranken- und Familienpflege Horw w\u00e4chst rasant (1994)<\/span><\/summary><div class=\"lightweight-accordion-body\">\n\n<p>Der Verein f\u00fcr Krankenpflege und Familienhilfe Horw geniesst starken R\u00fcckhalt: Er z\u00e4hlt 1400 Mitglieder. Luzerner Neuste Nachrichten 23. April 1994.<\/p>\n\n\n\n<p><a href=\"https:\/\/www.horwimwandel.ch\/cms\/wp-content\/uploads\/2023\/04\/Verein-fuer-Krankenpflege.pdf\" target=\"_blank\" rel=\"noreferrer noopener\">PDF \u00f6ffnen<\/a><\/p>\n\n<\/div><\/details><\/div>\n\n<div class=\"lightweight-accordion\"><details><summary class=\"lightweight-accordion-title\"><span><i class=\"fas fa-microphone-lines\"><\/i> Ida Studhalter &#8211; Fasn\u00e4chtle (1999)<\/span><\/summary><div class=\"lightweight-accordion-body\">\n\n<p>Erinnerungen von Ida Studhalter. (Ausstellung &#8222;Ein Barsch im Seitenfluss&#8220; 1999)<\/p>\n\n\n\n<figure class=\"wp-block-audio\"><audio controls src=\"https:\/\/www.horwimwandel.ch\/cms\/wp-content\/uploads\/2023\/04\/ida_studhalter_fasnacht_b1.mp3\"><\/audio><\/figure>\n\n<\/div><\/details><\/div>\n\n<div class=\"lightweight-accordion\"><details><summary class=\"lightweight-accordion-title\"><span><i class=\"far fa-file-lines\"><\/i> Zehn Guuggenmusigen an der Rasslerparty (2006)<\/span><\/summary><div class=\"lightweight-accordion-body\">\n\n<p>Rasslerparty und Eglipaar: Die Fasnacht in Horw ist lanciert. Luzerner Rundschau 19.1.2006.<\/p>\n\n\n\n<p><a href=\"https:\/\/www.horwimwandel.ch\/cms\/wp-content\/uploads\/2023\/04\/rasslerparty_3_ps.pdf\" target=\"_blank\" rel=\"noreferrer noopener\">PDF \u00f6ffnen<\/a><\/p>\n\n<\/div><\/details><\/div>\n\n<div class=\"lightweight-accordion\"><details><summary class=\"lightweight-accordion-title\"><span><i class=\"far fa-file-lines\"><\/i> \u00dcber 100&#8217;000 Stunden Freiwilligenarbeit in Horw (2011)<\/span><\/summary><div class=\"lightweight-accordion-body\">\n\n<p>Portr\u00e4ts von Personen, die Freiwilligenargeit leisten. Gemeindemagazin &#8222;Blickpunkt&#8220;, Februar 2011.<\/p>\n\n\n\n<p><a href=\"https:\/\/www.horwimwandel.ch\/cms\/wp-content\/uploads\/2023\/04\/201102-freiwilligenarbeit_03_.pdf\" target=\"_blank\" rel=\"noreferrer noopener\">PFD \u00f6ffnen<\/a><\/p>\n\n<\/div><\/details><\/div>\n\n<div class=\"lightweight-accordion\"><details><summary class=\"lightweight-accordion-title\"><span><i class=\"far fa-file-lines\"><\/i> Flanierzone f\u00fcr die Halbinsel (2015) <\/span><\/summary><div class=\"lightweight-accordion-body\">\n\n<p>Die Gestaltung der Halbinsel war in Horw ein Dauerthema. Hier der Zwischenstand eines Projekts. Neue Luzerner Zeitung 5.3.2015.<\/p>\n\n\n\n<p><a href=\"https:\/\/www.horwimwandel.ch\/cms\/wp-content\/uploads\/2023\/04\/201503-Projekt-Flanierzone-fuer-die-Halbinsel-27060859.pdf\" target=\"_blank\" rel=\"noreferrer noopener\">PDF \u00f6ffnen<\/a><\/p>\n\n<\/div><\/details><\/div>\n\n<div class=\"lightweight-accordion\"><details><summary class=\"lightweight-accordion-title\"><span><span role=\"textbox\" aria-label=\"Accordion title...\" class=\"block-editor-rich-text__editable rich-text\" style=\"white-space: pre-wrap;min-width: 1px\"><i class=\"fas fa-video\"><\/i>  Das Seehotel Kastanienbaum in &#8222;Mini Beiz, dini Beiz&#8220; (2016)<\/span><\/span><\/summary><div class=\"lightweight-accordion-body\">\n\n<p>Stammg\u00e4ste stellen ihre Lieblingsbeiz vor. Aus der Reihe &#8222;Mini Beiz, dini Beiz&#8220; SRF 15.11.2016.Trachtengruppe: <\/p>\n\n\n\n<p><iframe loading=\"lazy\" src=\"https:\/\/www.srf.ch\/play\/embed?urn=urn:srf:video:02ef1347-32ac-4c7c-82c7-c571f891ddd8&amp;subdivisions=false\" allowfullscreen=\"\" allow=\"geolocation *; autoplay; encrypted-media\" width=\"1200\" height=\"675\"><\/iframe><\/p>\n\n<\/div><\/details><\/div>\n\n<div class=\"lightweight-accordion\"><details><summary class=\"lightweight-accordion-title\"><span><i class=\"far fa-file-lines\"><\/i>Trachtengruppe: Die Kleinsten waren die Gr\u00f6ssten (2017)<\/span><\/summary><div class=\"lightweight-accordion-body\">\n\n<p>Nachwuchs am Heimatabend der Trachtengruppe. Neue Luzerner Zeitung. 3.4.2017.<\/p>\n\n\n\n<p><a href=\"https:\/\/www.horwimwandel.ch\/cms\/wp-content\/uploads\/2023\/04\/201701-Anlass-der-Trachtengruppe-Horw-31686534.pdf\" target=\"_blank\" rel=\"noreferrer noopener\">PDF \u00f6ffnen<\/a><\/p>\n\n<\/div><\/details><\/div>\n\n<div class=\"lightweight-accordion\"><details><summary class=\"lightweight-accordion-title\"><span><i class=\"fas fa-microphone-lines\"><\/i> Katharina Albisser &#8211; vom Komponieren auf dem Velo und anderes mehr (Aufnahme 2021)<\/span><\/summary><div class=\"lightweight-accordion-body\">\n\n<p>Katharina Albisser, Musikerin (u.a. mit und f\u00fcr Kinder), Komponistin, Primarlehrerin, Ausschnitte aus dem Erz\u00e4hlcaf\u00e9 &#8222;Vom Jodel zum Rock&#8220;, 24.10.2021.<\/p>\n\n\n\n<figure class=\"wp-block-audio\"><audio controls src=\"https:\/\/www.horwimwandel.ch\/cms\/wp-content\/uploads\/2023\/07\/vomjodelzumrock_katharina_albisser_bubble7.mp3\"><\/audio><\/figure>\n\n<\/div><\/details><\/div>\n\n<div class=\"lightweight-accordion\"><details><summary class=\"lightweight-accordion-title\"><span><i class=\"fas fa-microphone-lines\"><\/i> Manuela Bernasconi &#8211; ein Leben f\u00fcr den Jodel (Aufnahme 2021)<\/span><\/summary><div class=\"lightweight-accordion-body\">\n\n<p>Manuela Bernasconi, Jodlerin, Dirigentin, Lehrerin, ehemalige Gemeinder\u00e4tin. Ausschnitte aus dem Erz\u00e4hlcaf\u00e9 &#8222;Vom Jodel zum Rock&#8220;, 24.10.2021.<\/p>\n\n\n\n<figure class=\"wp-block-audio\"><audio controls src=\"https:\/\/www.horwimwandel.ch\/cms\/wp-content\/uploads\/2023\/04\/vomjodelzumrock_manuela_bernasconi_bubble7.mp3\"><\/audio><\/figure>\n\n<\/div><\/details><\/div>\n\n<div class=\"lightweight-accordion\"><details><summary class=\"lightweight-accordion-title\"><span><i class=\"fas fa-microphone-lines\"><\/i> Verena Studhalter &#8211; Kinderspiele im Winkel (Aufnahme 2022)<\/span><\/summary><div class=\"lightweight-accordion-body\">\n\n<p><span class='tooltipsall tooltipsincontent classtoolTips3'>Verena Studhalter:<\/span> Interview vom 17.5.2022<\/p>\n\n\n\n<figure class=\"wp-block-audio\"><audio controls src=\"https:\/\/www.horwimwandel.ch\/cms\/wp-content\/uploads\/2023\/04\/vreni_studhalter_bubble3_kinderspielen_trompetenspieler.mp3\"><\/audio><\/figure>\n\n<\/div><\/details><\/div>\n\n<div class=\"lightweight-accordion\"><details><summary class=\"lightweight-accordion-title\"><span>  <i class=\"fas fa-microphone-lines\"><\/i> Joseph Hofstetter &#8211; mit dem Cabrio ins Schullager Aufnahme 2022) <\/span><\/summary><div class=\"lightweight-accordion-body\">\n\n<p><span class='tooltipsall tooltipsincontent classtoolTips1'>Joseph Hofstetter:<\/span> Interview vom 21.12.2022<\/p>\n\n\n\n<figure class=\"wp-block-audio\"><audio controls src=\"https:\/\/www.horwimwandel.ch\/cms\/wp-content\/uploads\/2023\/07\/j_hofstetter_schullager_salwideli.mp3\"><\/audio><\/figure>\n\n<\/div><\/details><\/div>\n\n<div class=\"lightweight-accordion\"><details><summary class=\"lightweight-accordion-title\"><span>  <i class=\"fas fa-microphone-lines\"><\/i> Alex Haggenm\u00fcller &#8211; Freiwillig in die Schule &#8211; nat\u00fcrlich im Schulsport (Aufnahme 2023)<\/span><\/summary><div class=\"lightweight-accordion-body\">\n\n<p><span class='tooltipsall tooltipsincontent classtoolTips0'>Alex Haggenm\u00fcller:<\/span> Interview vom 25.1.2023<\/p>\n\n\n\n<figure class=\"wp-block-audio\"><audio controls src=\"https:\/\/www.horwimwandel.ch\/cms\/wp-content\/uploads\/2023\/07\/alex_haggenmueller_schulsport.mp3\"><\/audio><\/figure>\n\n<\/div><\/details><\/div>\n\n<div class=\"lightweight-accordion\"><details><summary class=\"lightweight-accordion-title\"><span>  <i class=\"fas fa-microphone-lines\"><\/i> Alex Haggenm\u00fcller &#8211; Horw und Sport &#8211; ein Traumduo (Aufnahme 2023) <\/span><\/summary><div class=\"lightweight-accordion-body\">\n\n<p><span class='tooltipsall tooltipsincontent classtoolTips0'>Alex Haggenm\u00fcller:<\/span> Interview vom 25.1.2023<\/p>\n\n\n\n<figure class=\"wp-block-audio\"><audio controls src=\"https:\/\/www.horwimwandel.ch\/cms\/wp-content\/uploads\/2023\/07\/alex_haggenmueller_sport.mp3\"><\/audio><\/figure>\n\n<\/div><\/details><\/div>\n\n<div class=\"lightweight-accordion\"><details><summary class=\"lightweight-accordion-title\"><span>  <i class=\"fas fa-microphone-lines\"><\/i>  Alex Haggenm\u00fcller &#8211; Sport und Vereine &#8211; das Erfolgsrezept (Aufnahme 2023) <\/span><\/summary><div class=\"lightweight-accordion-body\">\n\n<p><span class='tooltipsall tooltipsincontent classtoolTips0'>Alex Haggenm\u00fcller:<\/span> Interview vom 25.1.2023<\/p>\n\n\n\n<figure class=\"wp-block-audio\"><audio controls src=\"https:\/\/www.horwimwandel.ch\/cms\/wp-content\/uploads\/2023\/07\/alex_haggenmueller_sport.mp3\"><\/audio><\/figure>\n\n<\/div><\/details><\/div><script type=\"text\/javascript\"> toolTips('.classtoolTips0','<img class=\"alignnone size-medium wp-image-3138\" src=\"https:\/\/www.horwimwandel.ch\/cms\/wp-content\/uploads\/2023\/04\/Alex-Haggenmueller-300x225.jpg\" alt=\"\" width=\"300\" height=\"225\" \/><br\/><br\/>Alex Haggenm\u00fcller, ehemaliger Turnlehrer und ehemaliger Gemeindepr\u00e4sident, Jahrgang 1944.'); <\/script><script type=\"text\/javascript\"> toolTips('.classtoolTips1','<img class=\"alignnone size-medium wp-image-3131\" src=\"https:\/\/www.horwimwandel.ch\/cms\/wp-content\/uploads\/2023\/04\/Joseph-Hofstetter-225x300.jpg\" alt=\"\" width=\"225\" height=\"300\" \/><br\/><br\/>Joseph Hofstetter, ehemaliger Projektleiter Elektronik, Jahrgang 1951.'); <\/script><script type=\"text\/javascript\"> toolTips('.classtoolTips3','<img class=\"alignnone size-medium wp-image-3050\" src=\"https:\/\/www.horwimwandel.ch\/cms\/wp-content\/uploads\/2023\/04\/Vreni-Studhalter-300x300.jpg\" alt=\"\" width=\"300\" height=\"300\" \/><br\/><br\/>Verena Studhalter, Hausfrau, aufgewachsen im Winkel, Jahrgang 1937.'); <\/script>","protected":false},"excerpt":{"rendered":"<p>Freizeit<\/p>\n","protected":false},"author":1,"featured_media":0,"parent":0,"menu_order":0,"comment_status":"closed","ping_status":"closed","template":"","meta":{"footnotes":""},"class_list":["post-2744","page","type-page","status-publish","hentry"],"_links":{"self":[{"href":"https:\/\/www.horwimwandel.ch\/cms\/wp-json\/wp\/v2\/pages\/2744","targetHints":{"allow":["GET"]}}],"collection":[{"href":"https:\/\/www.horwimwandel.ch\/cms\/wp-json\/wp\/v2\/pages"}],"about":[{"href":"https:\/\/www.horwimwandel.ch\/cms\/wp-json\/wp\/v2\/types\/page"}],"author":[{"embeddable":true,"href":"https:\/\/www.horwimwandel.ch\/cms\/wp-json\/wp\/v2\/users\/1"}],"replies":[{"embeddable":true,"href":"https:\/\/www.horwimwandel.ch\/cms\/wp-json\/wp\/v2\/comments?post=2744"}],"version-history":[{"count":24,"href":"https:\/\/www.horwimwandel.ch\/cms\/wp-json\/wp\/v2\/pages\/2744\/revisions"}],"predecessor-version":[{"id":3633,"href":"https:\/\/www.horwimwandel.ch\/cms\/wp-json\/wp\/v2\/pages\/2744\/revisions\/3633"}],"wp:attachment":[{"href":"https:\/\/www.horwimwandel.ch\/cms\/wp-json\/wp\/v2\/media?parent=2744"}],"curies":[{"name":"wp","href":"https:\/\/api.w.org\/{rel}","templated":true}]}}